{"id":63,"date":"2016-10-14T19:11:57","date_gmt":"2016-10-14T19:11:57","guid":{"rendered":"http:\/\/mawizo.de\/?page_id=63"},"modified":"2026-01-09T23:20:17","modified_gmt":"2026-01-09T23:20:17","slug":"home-startseite","status":"publish","type":"page","link":"https:\/\/mawizo.de\/?page_id=63","title":{"rendered":"\u00dcber mich"},"content":{"rendered":"<div class=\"wp-block-image is-resized is-style-default\">\n<figure class=\"aligncenter size-full\"><img loading=\"lazy\" decoding=\"async\" width=\"1920\" height=\"1280\" src=\"https:\/\/mawizo.de\/wp-content\/uploads\/2026\/01\/BIBB-Fachtagung_Vollmer0581.jpg\" alt=\"\" class=\"wp-image-711\" style=\"aspect-ratio:1.5000384231153463;object-fit:cover;width:607px;height:auto\" srcset=\"https:\/\/mawizo.de\/wp-content\/uploads\/2026\/01\/BIBB-Fachtagung_Vollmer0581.jpg 1920w, https:\/\/mawizo.de\/wp-content\/uploads\/2026\/01\/BIBB-Fachtagung_Vollmer0581-300x200.jpg 300w, https:\/\/mawizo.de\/wp-content\/uploads\/2026\/01\/BIBB-Fachtagung_Vollmer0581-1024x683.jpg 1024w, https:\/\/mawizo.de\/wp-content\/uploads\/2026\/01\/BIBB-Fachtagung_Vollmer0581-768x512.jpg 768w, https:\/\/mawizo.de\/wp-content\/uploads\/2026\/01\/BIBB-Fachtagung_Vollmer0581-1536x1024.jpg 1536w, https:\/\/mawizo.de\/wp-content\/uploads\/2026\/01\/BIBB-Fachtagung_Vollmer0581-800x533.jpg 800w\" sizes=\"auto, (max-width: 1920px) 100vw, 1920px\" \/><figcaption class=\"wp-element-caption\">Prof. Dr. Mascha C. Will-Zocholl (c) bibb<\/figcaption><\/figure>\n<\/div>\n\n\n<p>Professorin f\u00fcr Soziologie der Digitalisierung von Arbeit und Organisation an der Hessischen Hochschule f\u00fcr \u00f6ffentliches Management und Sicherheit (H\u00f6MS) Wiesbaden<\/p>\n\n\n\n<p>E-mail: kontakt@mawizo.de<\/p>\n\n\n\n<p class=\"has-text-align-left\">In meiner aktuellen Funktion lehre und forsche ich am Fachbereich Verwaltung und am Institut f\u00fcr angewandte Verwaltungswissenschaften, das sich im Dezember 2025 an der H\u00f6MS gegr\u00fcndet hat. Ich lehre in Bachelor- und Masterstudieng\u00e4ngen &#8222;Public Administration&#8220; grundlegende Aspekte der Soziologie und im neuen Studiengang &#8222;Digitale Verwaltung&#8220; in den Modulen Technik und Gesellschaft, Arbeit und Technik, Wandel von Arbeit u.A. Zu den Forschungsschwerpunkten und entsprechenden Ver\u00f6ffentlichungen erfahren Sie mehr \u00fcber das Men\u00fc der Webseite.<\/p>\n\n\n\n<h3 class=\"wp-block-heading\" id=\"fruhere-tatigkeiten\">Fr\u00fchere T\u00e4tigkeiten<\/h3>\n\n\n\n<p>Vor meiner T\u00e4tigkeit an der HfPV war ich von April 2014-16 als Post-Doc am Institut f\u00fcr Soziologie der Goethe-Universit\u00e4t Frankfurt am Main besch\u00e4ftigt. Davor vertrat ich f\u00fcr eineinhalb Jahre die Professur f\u00fcr Techniksoziologie an der Hochschule Darmstadt. Von&nbsp;Juli 2010 &#8211; Juli 2013 war ich wissenschaftliche Mitarbeiterin an der Technischen Universit\u00e4t Darmstadt im BMBF-Projekt &#8222;TRUST Teamwork&#8220;, nachdem ich vier Jahre dem DFG-Graduiertenkolleg &#8222;Topologie der Technik an der TU Darmstadt angeh\u00f6rte.<\/p>\n\n\n\n<h3 class=\"wp-block-heading\" id=\"wissenschaftliche-tatigkeiten-und-mitgliedschaften\">Wissenschaftliche T\u00e4tigkeiten und Mitgliedschaften<\/h3>\n\n\n\n<p><\/p>\n\n\n\n<ul class=\"wp-block-list\">\n<li>Member of the Advisory Board &#8222;Transdisciplinary Workplace Research Network (TWR)&#8220;<\/li>\n\n\n\n<li>Mitglied des Fachbeirats des &#8222;Kommunalcampus&#8220; (www.kommunalcampus.net)<\/li>\n\n\n\n<li>Mitglied des Vorstands der Sektion Arbeit- und Industriesoziologie in der Deutschen Gesellschaft f\u00fcr Soziologie (09\/2018 &#8211; 09\/2022)<\/li>\n\n\n\n<li>Mitglied des Projektbeirates &#8222;Qualificia Digitalis&#8220;, einem Projekt des IT-Planungsrates (www.qualifica-digitalis.de)<\/li>\n\n\n\n<li>Mitglied der Sektion Organisationssoziologie in der DGS<\/li>\n\n\n\n<li>Mitglied der International Sociological Association (Research Committee 30 Sociology of Work)<\/li>\n\n\n\n<li>Gutachtert\u00e4tigkeiten f\u00fcr die Zeitschrift f\u00fcr Soziologie, Zeitschrift Arbeit, AIS-Studien, Berliner Zeitschrift f\u00fcr Soziologie, Organisational Ethnography; Information, Communication and Society; Annual Conference First International Network of Trust Research (FINT), ISA World Forum u.A.<\/li>\n<\/ul>\n\n\n\n<p><\/p>\n","protected":false},"excerpt":{"rendered":"<p>Professorin f\u00fcr Soziologie der Digitalisierung von Arbeit und Organisation an der Hessischen Hochschule f\u00fcr \u00f6ffentliches Management und Sicherheit (H\u00f6MS) Wiesbaden E-mail: kontakt@mawizo.de In meiner aktuellen Funktion lehre und forsche ich am Fachbereich Verwaltung und am Institut f\u00fcr angewandte Verwaltungswissenschaften, das &hellip; <a href=\"https:\/\/mawizo.de\/?page_id=63\">Weiterlesen <span class=\"meta-nav\">&rarr;<\/span><\/a><\/p>\n","protected":false},"author":1,"featured_media":0,"parent":0,"menu_order":0,"comment_status":"closed","ping_status":"closed","template":"full-width-page.php","meta":{"footnotes":""},"class_list":["post-63","page","type-page","status-publish","hentry"],"_links":{"self":[{"href":"https:\/\/mawizo.de\/index.php?rest_route=\/wp\/v2\/pages\/63","targetHints":{"allow":["GET"]}}],"collection":[{"href":"https:\/\/mawizo.de\/index.php?rest_route=\/wp\/v2\/pages"}],"about":[{"href":"https:\/\/mawizo.de\/index.php?rest_route=\/wp\/v2\/types\/page"}],"author":[{"embeddable":true,"href":"https:\/\/mawizo.de\/index.php?rest_route=\/wp\/v2\/users\/1"}],"replies":[{"embeddable":true,"href":"https:\/\/mawizo.de\/index.php?rest_route=%2Fwp%2Fv2%2Fcomments&post=63"}],"version-history":[{"count":96,"href":"https:\/\/mawizo.de\/index.php?rest_route=\/wp\/v2\/pages\/63\/revisions"}],"predecessor-version":[{"id":716,"href":"https:\/\/mawizo.de\/index.php?rest_route=\/wp\/v2\/pages\/63\/revisions\/716"}],"wp:attachment":[{"href":"https:\/\/mawizo.de\/index.php?rest_route=%2Fwp%2Fv2%2Fmedia&parent=63"}],"curies":[{"name":"wp","href":"https:\/\/api.w.org\/{rel}","templated":true}]}}