{"id":577,"date":"2022-10-16T21:11:45","date_gmt":"2022-10-16T21:11:45","guid":{"rendered":"https:\/\/mawizo.de\/?page_id=577"},"modified":"2026-01-24T23:17:07","modified_gmt":"2026-01-24T23:17:07","slug":"arbeiten-in-der-digitalisierten-verwaltung","status":"publish","type":"page","link":"https:\/\/mawizo.de\/?page_id=577","title":{"rendered":"Arbeiten in der digitalisierten Verwaltung \/ Work in the Digitised Administration"},"content":{"rendered":"\n<p><\/p>\n\n\n\n<p>Kuscher, Philipp.; Schuppan, Tino; Will-Zocholl, Mascha (2025): Wandel von ministerieller Arbeit in digitalen Kontexten. In VM Verwaltung und Management (2)31, S. 65-75.&nbsp;<a href=\"https:\/\/doi.org\/10.5771\/0947-9856-2025-2-65\">doi.org\/10.5771\/0947-9856-2025-2-65<\/a><\/p>\n\n\n\n<p>Will-Zocholl, Mascha (2025): Kompetenzen f\u00fcr die digitalisierte Verwaltung. Forschungsbericht zur Begleitforschung des Projekts \u201cRoadMap\u201d. Wiesbaden. <a href=\"https:\/\/digitalkompetenz.kommunalcampus.de\/wissenschaftlicher-bericht\/\">Wissenschaftlicher Bericht \u2013 roadMAP<\/a><\/p>\n\n\n\n<p>Will-Zocholl, Mascha (2024): Automation \u2013 Blessing or Curse for Public Administration Work? Book of Abstracts International Labour Process Conference 2024 G\u00f6ttingen<\/p>\n\n\n\n<p>Eibelsh\u00e4user, Beate; Merker, Richard; Will-Zocholl, Mascha (Hrsg.)(2024): Praxis-Impulse 2024. Erkenntnisse aus den pr\u00e4mierten Arbeiten des Hochschulpreises 2023. Wiesbaden: H\u00f6MS (ISSN &nbsp;2944-7410) <a href=\"https:\/\/fhoed.iliasnet.de\/ilias.php?baseClass=ilrepositorygui&amp;cmdNode=107:p1&amp;cmdClass=ilObjFileGUI&amp;cmd=sendfile&amp;ref_id=5789984\">https:\/\/fhoed.iliasnet.de\/ilias.php?baseClass=ilrepositorygui&amp;cmdNode=107:p1&amp;cmdClass=ilObjFileGUI&amp;cmd=sendfile&amp;ref_id=5789984<\/a><\/p>\n\n\n\n<p>Eibelsh\u00e4user, Beate; Merker, Richard; Will-Zocholl, Mascha (Hrsg.)(2024): \u00d6ffentliche Verwaltung 2030. Menschlich, vielf\u00e4ltig, digital. Beitr\u00e4ge des Hochschultages 2023. Wiesbaden: H\u00f6MS (ISSN &nbsp;2944-7410) <a href=\"https:\/\/fhoed.iliasnet.de\/ilias.php?baseClass=ilrepositorygui&amp;cmdNode=107:p1&amp;cmdClass=ilObjFileGUI&amp;cmd=sendfile&amp;ref_id=5601422\">\u00d6ffentliche Verwaltung 2030 \u2013 menschlich, vielf\u00e4ltig, digital<\/a><\/p>\n\n\n\n<p>Will-Zocholl, Mascha (2024): New Work in der \u00f6ffentlichen Verwaltung. Fokus: R\u00e4umliche Reorganisation. In Eibelsh\u00e4user, Beate; Merker, Richard; Will.Zocholl, Mascha (Hrsg.):&nbsp;\u00d6ffentliche Verwaltung 2030. Menschlich, vielf\u00e4ltig, digital. Beitr\u00e4ge des Hochschultages 2023. Wiesbaden: H\u00f6MS, S. 81-107. <a href=\"https:\/\/fhoed.iliasnet.de\/ilias.php?baseClass=ilrepositorygui&amp;cmdNode=107:p1&amp;cmdClass=ilObjFileGUI&amp;cmd=sendfile&amp;ref_id=5601422\">\u00d6ffentliche Verwaltung 2030 \u2013 menschlich, vielf\u00e4ltig, digital<\/a><\/p>\n\n\n\n<p>Will-Zocholl, Mascha (2024): Frauen in der digitalen Transformation der \u00f6ffentlichen Verwaltung. Bedeutsamkeit, Beteiligung und ungenutzte Potentiale. In: Arbeitsberichte zum Management in der digitalisierten Verwaltung, 2024\/05. Wiesbaden. DOI: <a href=\"http:\/\/dx.doi.org\/10.13140\/RG.2.2.29690.91848\" target=\"_blank\" rel=\"noreferrer noopener\">10.13140\/RG.2.2.29690.91848<\/a><\/p>\n\n\n\n<p>Will-Zocholl, Mascha (2024): Frauen in der \u00f6ffentlichen Verwaltung. Eine aktuelle Bestandsaufnahme. In: Arbeitsberichte zum Management in der digitalisierten Verwaltung, 2024\/04. Wiesbaden. DOI:&nbsp;<a href=\"http:\/\/dx.doi.org\/10.13140\/RG.2.2.16269.14566\/1\" target=\"_blank\" rel=\"noreferrer noopener\">10.13140\/RG.2.2.16269.14566\/1<\/a><\/p>\n\n\n\n<p>Will-Zocholl, Mascha (2023): Digitalisierung in der \u00f6ffentlichen Verwaltung. Stagnation, Transformation oder Revolution? In Schr\u00f6er, Andreas; Bl\u00e4ttel-Mink, Birgit; Schr\u00f6der, Antonius; Sp\u00e4te, Katrin&nbsp;(Hrsg.): Soziale Innovationen in und von Organisationen. Reihe Sozialwissenschaften und Berufspraxis. <a href=\"https:\/\/doi.org\/10.1007\/978-3-658-40695-0_18\">https:\/\/doi.org\/10.1007\/978-3-658-40695-0_18<\/a><\/p>\n\n\n\n<p>Baukrowitz, Andrea; Will-Zocholl, Mascha (2021): Die digitale Transformation als Herausforderung f\u00fcr die Personalarbeit in der \u00f6ffentlichen Verwaltung.&nbsp;In Gr\u00f6ber, Rainer und Inga Dransfeld-Haase (Hg.): Strategische Personalarbeit in der Transformation. Partizipation und Mitbestimmung f\u00fcr ein erfolgreiches HRM. Frankfurt: Bund-Verlag: 712-738.<\/p>\n\n\n\n<p><\/p>\n","protected":false},"excerpt":{"rendered":"<p>Kuscher, Philipp.; Schuppan, Tino; Will-Zocholl, Mascha (2025): Wandel von ministerieller Arbeit in digitalen Kontexten. In VM Verwaltung und Management (2)31, S. 65-75.&nbsp;doi.org\/10.5771\/0947-9856-2025-2-65 Will-Zocholl, Mascha (2025): Kompetenzen f\u00fcr die digitalisierte Verwaltung. Forschungsbericht zur Begleitforschung des Projekts \u201cRoadMap\u201d. Wiesbaden. Wissenschaftlicher Bericht \u2013 &hellip; <a href=\"https:\/\/mawizo.de\/?page_id=577\">Weiterlesen <span class=\"meta-nav\">&rarr;<\/span><\/a><\/p>\n","protected":false},"author":1,"featured_media":0,"parent":27,"menu_order":0,"comment_status":"closed","ping_status":"closed","template":"","meta":{"footnotes":""},"class_list":["post-577","page","type-page","status-publish","hentry"],"_links":{"self":[{"href":"https:\/\/mawizo.de\/index.php?rest_route=\/wp\/v2\/pages\/577","targetHints":{"allow":["GET"]}}],"collection":[{"href":"https:\/\/mawizo.de\/index.php?rest_route=\/wp\/v2\/pages"}],"about":[{"href":"https:\/\/mawizo.de\/index.php?rest_route=\/wp\/v2\/types\/page"}],"author":[{"embeddable":true,"href":"https:\/\/mawizo.de\/index.php?rest_route=\/wp\/v2\/users\/1"}],"replies":[{"embeddable":true,"href":"https:\/\/mawizo.de\/index.php?rest_route=%2Fwp%2Fv2%2Fcomments&post=577"}],"version-history":[{"count":11,"href":"https:\/\/mawizo.de\/index.php?rest_route=\/wp\/v2\/pages\/577\/revisions"}],"predecessor-version":[{"id":724,"href":"https:\/\/mawizo.de\/index.php?rest_route=\/wp\/v2\/pages\/577\/revisions\/724"}],"up":[{"embeddable":true,"href":"https:\/\/mawizo.de\/index.php?rest_route=\/wp\/v2\/pages\/27"}],"wp:attachment":[{"href":"https:\/\/mawizo.de\/index.php?rest_route=%2Fwp%2Fv2%2Fmedia&parent=577"}],"curies":[{"name":"wp","href":"https:\/\/api.w.org\/{rel}","templated":true}]}}