{"id":478,"date":"2022-02-16T22:00:28","date_gmt":"2022-02-16T22:00:28","guid":{"rendered":"https:\/\/mawizo.de\/?page_id=478"},"modified":"2026-01-24T23:17:53","modified_gmt":"2026-01-24T23:17:53","slug":"ingenieursarbeit-revisited","status":"publish","type":"page","link":"https:\/\/mawizo.de\/?page_id=478","title":{"rendered":"Ingenieursarbeit revisited \/ Engineering Work Revisited"},"content":{"rendered":"\n<p>Will-Zocholl, Mascha; Clasen, Eva (2020): Ingenieurinnen@work: Geschlechterperspektiven auf Ingenieursarbeit. In: Becker, Karina; Binder, Katharina; D\u00e9cieux, Fabienne (Hg.): Gespannte Arbeits- und Geschlechterverh\u00e4ltnisse im Marktkapitalismus: zwischen Emanzipation und Ausbeutung. Heidelberg: Springer: 99-122.<\/p>\n\n\n\n<p>Kurz, Constanze; Will-Zocholl, Mascha (2017): T\u00e4tigkeit und Arbeitsprozess. In B\u00f6hle, Fritz (Hg.): Arbeit als subjektivierendes Handeln. Handlungsf\u00e4higkeit bei Unw\u00e4gbarkeiten und Ungewissheit. Wiesbaden: Springer VS: 365-374.<\/p>\n\n\n\n<p>Will-Zocholl, Mascha (2014): Manager oder T\u00fcftlerinnen? Karriereoptionen in der Automobilentwicklung. In Busolt, Ulrike; Weber, Sabrina; Wiegel, Constantin; Kronsbein, Wiebke (Hg.):\u00a0<em>Karriereverl\u00e4ufe in Forschung und Entwicklung. Bedingungen und Perspektiven im Spannungsfeld von Organisation und Individuum<\/em>. Berlin: Logos: 188-208.<\/p>\n\n\n\n<p>Will-Zocholl, Mascha (2012): Globalisierte Wissensarbeit? Ingenieure in der Automobilindustrie. In Schilcher\/Will-Zocholl: 159-184.<\/p>\n\n\n\n<p>Will-Zocholl, Mascha (2011): Knowledge Work in the Automobile Industry. Local and Global Challenges for Engineers. In Krings, Bettina-Johanna (ed.):\u00a0<em>Changes of Work in Knowledge-based Societies<\/em>. Berlin: edition sigma: 109-129.<\/p>\n\n\n\n<p>Will-Zocholl, Mascha (2011):&nbsp;<em>Wissensarbeit in der Automobilindustrie. Topologie der Reorganisation von Ingenieursarbeit in der globalen Produktentwicklung.<\/em>&nbsp;Berlin: edition sigma<\/p>\n\n\n\n<p>Schmiede, Rudi; Will-Zocholl, Mascha (2011): Engineers Work on the Move. Challenges in Automotive Engineering in a Globalized World. In\u00a0<em>Engineering Studies<\/em>, Vol.3, Issue 2\/2011: 1-21.<\/p>\n\n\n\n<p>Will-Zocholl, Mascha (2009): Engineers\u2018 Work as Informatized Work. Trajectories in Automobile Engineering. Proceedings of the IADIS E-Society Conference 2009 in Barcelona\/Spain.<\/p>\n\n\n\n<p>Will-Zocholl, Mascha (2008): Cooperation \u2013 Challenges in Engineers\u2018 Work. Trajectories of the International Division of Labor in Automobile Engineering. Supplemental Proceedings of the CSCW 2008 Conference, San Diego\/USA.<\/p>\n\n\n\n<p>Will-Zocholl, Mascha (2008): Engineering as Informatized Work. Case Studies in the German Automobile Industry. In Arich-Gerz, B.\/ Anderl, R.\/ Schmiede, R. (eds.): Proceedings of the International Conference \u201eTechnologies of Globalization\u201c 2008 in Darmstadt\/Germany.<\/p>\n","protected":false},"excerpt":{"rendered":"<p>Will-Zocholl, Mascha; Clasen, Eva (2020): Ingenieurinnen@work: Geschlechterperspektiven auf Ingenieursarbeit. In: Becker, Karina; Binder, Katharina; D\u00e9cieux, Fabienne (Hg.): Gespannte Arbeits- und Geschlechterverh\u00e4ltnisse im Marktkapitalismus: zwischen Emanzipation und Ausbeutung. Heidelberg: Springer: 99-122. Kurz, Constanze; Will-Zocholl, Mascha (2017): T\u00e4tigkeit und Arbeitsprozess. In B\u00f6hle, &hellip; <a href=\"https:\/\/mawizo.de\/?page_id=478\">Weiterlesen <span class=\"meta-nav\">&rarr;<\/span><\/a><\/p>\n","protected":false},"author":1,"featured_media":0,"parent":27,"menu_order":0,"comment_status":"closed","ping_status":"closed","template":"","meta":{"footnotes":""},"class_list":["post-478","page","type-page","status-publish","hentry"],"_links":{"self":[{"href":"https:\/\/mawizo.de\/index.php?rest_route=\/wp\/v2\/pages\/478","targetHints":{"allow":["GET"]}}],"collection":[{"href":"https:\/\/mawizo.de\/index.php?rest_route=\/wp\/v2\/pages"}],"about":[{"href":"https:\/\/mawizo.de\/index.php?rest_route=\/wp\/v2\/types\/page"}],"author":[{"embeddable":true,"href":"https:\/\/mawizo.de\/index.php?rest_route=\/wp\/v2\/users\/1"}],"replies":[{"embeddable":true,"href":"https:\/\/mawizo.de\/index.php?rest_route=%2Fwp%2Fv2%2Fcomments&post=478"}],"version-history":[{"count":3,"href":"https:\/\/mawizo.de\/index.php?rest_route=\/wp\/v2\/pages\/478\/revisions"}],"predecessor-version":[{"id":726,"href":"https:\/\/mawizo.de\/index.php?rest_route=\/wp\/v2\/pages\/478\/revisions\/726"}],"up":[{"embeddable":true,"href":"https:\/\/mawizo.de\/index.php?rest_route=\/wp\/v2\/pages\/27"}],"wp:attachment":[{"href":"https:\/\/mawizo.de\/index.php?rest_route=%2Fwp%2Fv2%2Fmedia&parent=478"}],"curies":[{"name":"wp","href":"https:\/\/api.w.org\/{rel}","templated":true}]}}