{"id":476,"date":"2022-02-16T21:59:30","date_gmt":"2022-02-16T21:59:30","guid":{"rendered":"https:\/\/mawizo.de\/?page_id=476"},"modified":"2026-01-24T23:18:33","modified_gmt":"2026-01-24T23:18:33","slug":"vertrauen-und-kooperation","status":"publish","type":"page","link":"https:\/\/mawizo.de\/?page_id=476","title":{"rendered":"Vertrauen und Kooperation \/ Trust and Kooperation"},"content":{"rendered":"\n<p>Schilcher, Christian; Schmiede, Rudi; Sauer, Stefan; Will-Zocholl, Mascha; Straub, Robin (2013):\u00a0<em>Vertrauensbasiert kooperieren. Teamwork in unternehmens- und standort\u00fcbergreifenden Projekten<\/em>. Aachen: shaker.<\/p>\n\n\n\n<p>Sauer, Stefan; Schilcher, Christian; Will-Zocholl, Mascha (2013): Zur Untrennbarkeit von systemischen und personalen Dimensionen des Vertrauens: Wider vereinseitigender Differenzierungen. In\u00a0<em>Arbeit \u2013 Zeitschrift f\u00fcr Arbeitsforschung, Arbeitsgestaltung und Arbeitspolitik<\/em>, Schwerpunktheft Vertrauen, Jg. 22, Heft 1: 32-46.<\/p>\n\n\n\n<p>Schilcher, Christian; Will-Zocholl, Mascha (2012): Vertrauen in Kooperationen \u2013 Einsichten aus der Automobilindustrie. In\u00a0<em>Zeitschrift f\u00fcr KMU und Entrepreneurship (ZfKE)<\/em>, Jg. 60, Heft 3: 217-237.<\/p>\n\n\n\n<p>Schilcher, Christian; Will-Zocholl, Mascha (2012): Vertrauen in Kooperationen. Ergebnisse des TRUST-Projekts und Implikationen f\u00fcr die Praxis.\u00a0In: M\u00f6slein, Karin; Trinczek, Rainer (eds.):\u00a0<em>Working Knowledge<\/em>. N\u00fcrnberg-Erlangen: FAU: 48-49.<\/p>\n\n\n\n<p>Schilcher, Christian; Will-Zocholl, Mascha; Ziegler, Marc (Hg.)(2012):\u00a0<em>Vertrauen und Kooperation in der Arbeitswelt<\/em>. Wiesbaden: Springer VS.<\/p>\n\n\n\n<p>Schilcher Christian; Schmiede, Rudi; Will-Zocholl, Mascha; Ziegler, Marc (2012): Vertrauen und Kooperation in der Arbeitswelt. In Schilcher et al.: 11-22\u00a0.<\/p>\n\n\n\n<p>Schilcher Christian; Ziegler, Marc; Sauer, Stefan; Poth, Ann-Kathrin; Will-Zocholl, Mascha (2012): Personale und systemische Dimensionen von Vertrauens: Vertrauenspraktiken am Beispiel unternehmens- und standort\u00fcbergreifender Kooperationen. In Schilcher et al.: 123-144.<\/p>\n\n\n\n<p>Schilcher Christian; Poth, Ann-Kathrin; Sauer, Stefan; Stiefel, Klaus-Peter; Will-Zocholl, Mascha (2011): Trust in International Teams.\u00a0Cultural, Spatial and Organizational Issues.\u00a0In\u00a0<em>International<\/em>\u00a0<em>Journal of Business Research<\/em>, Vol. 11, I. 4: 29-38.<\/p>\n\n\n\n<p>Krastel, Marcus; Sauer, Stefan; Schilcher, Christian; Trendel, Oliver; V\u00f6lz, Diana; Will-Zocholl, Mascha (2010): Zusammenarbeit in unternehmens\u00fcbergreifenden Teams. In M\u00f6slein, Karin; Trinczek, Rainer (eds.):\u00a0<em>Flexibel, stabil, innovativ. Arbeit im 21.Jahrhundert<\/em>. N\u00fcrnberg: 201-210.<\/p>\n","protected":false},"excerpt":{"rendered":"<p>Schilcher, Christian; Schmiede, Rudi; Sauer, Stefan; Will-Zocholl, Mascha; Straub, Robin (2013):\u00a0Vertrauensbasiert kooperieren. Teamwork in unternehmens- und standort\u00fcbergreifenden Projekten. Aachen: shaker. Sauer, Stefan; Schilcher, Christian; Will-Zocholl, Mascha (2013): Zur Untrennbarkeit von systemischen und personalen Dimensionen des Vertrauens: Wider vereinseitigender Differenzierungen. In\u00a0Arbeit &hellip; <a href=\"https:\/\/mawizo.de\/?page_id=476\">Weiterlesen <span class=\"meta-nav\">&rarr;<\/span><\/a><\/p>\n","protected":false},"author":1,"featured_media":0,"parent":27,"menu_order":0,"comment_status":"closed","ping_status":"closed","template":"","meta":{"footnotes":""},"class_list":["post-476","page","type-page","status-publish","hentry"],"_links":{"self":[{"href":"https:\/\/mawizo.de\/index.php?rest_route=\/wp\/v2\/pages\/476","targetHints":{"allow":["GET"]}}],"collection":[{"href":"https:\/\/mawizo.de\/index.php?rest_route=\/wp\/v2\/pages"}],"about":[{"href":"https:\/\/mawizo.de\/index.php?rest_route=\/wp\/v2\/types\/page"}],"author":[{"embeddable":true,"href":"https:\/\/mawizo.de\/index.php?rest_route=\/wp\/v2\/users\/1"}],"replies":[{"embeddable":true,"href":"https:\/\/mawizo.de\/index.php?rest_route=%2Fwp%2Fv2%2Fcomments&post=476"}],"version-history":[{"count":3,"href":"https:\/\/mawizo.de\/index.php?rest_route=\/wp\/v2\/pages\/476\/revisions"}],"predecessor-version":[{"id":728,"href":"https:\/\/mawizo.de\/index.php?rest_route=\/wp\/v2\/pages\/476\/revisions\/728"}],"up":[{"embeddable":true,"href":"https:\/\/mawizo.de\/index.php?rest_route=\/wp\/v2\/pages\/27"}],"wp:attachment":[{"href":"https:\/\/mawizo.de\/index.php?rest_route=%2Fwp%2Fv2%2Fmedia&parent=476"}],"curies":[{"name":"wp","href":"https:\/\/api.w.org\/{rel}","templated":true}]}}