{"id":472,"date":"2022-02-16T21:56:40","date_gmt":"2022-02-16T21:56:40","guid":{"rendered":"https:\/\/mawizo.de\/?page_id=472"},"modified":"2026-01-24T23:17:30","modified_gmt":"2026-01-24T23:17:30","slug":"informatisierung-und-digitalisierung","status":"publish","type":"page","link":"https:\/\/mawizo.de\/?page_id=472","title":{"rendered":"Informatisierung und Digitalisierung \/ Informatisation and Digitisation"},"content":{"rendered":"\n<p>Bartsch, Sebastian, Behn, Oliver, Benlian, Alexander, Brownsword, Richard; B\u00fccker, Sebastian; D\u00fcwell, Marc; Formanek, Nico; Jungt\u00e4ubl, Marc; Leyer, Michael; Richter, Alexander; Schmidt, Jan-Hendrik; Will-Zocholl, Mascha (2025): Governance of High-Risk AI Systems in Healthcare and Credit Scoring. In Business &amp; Information Systems Engineering, (4)2025 <a href=\"https:\/\/doi.org\/10.1007\/s12599-025-00944-4\">https:\/\/doi.org\/10.1007\/s12599-025-00944-4<\/a><\/p>\n\n\n\n<p>Kuscher, Philipp.; Schuppan, Tino; Will-Zocholl, Mascha (2025): Wandel von ministerieller Arbeit in digitalen Kontexten. In VM Verwaltung und Management (2)31, S. 65-75.\u00a0<\/p>\n\n\n\n<p>Will-Zocholl, Mascha (2024). Berufsbezogene Mobilit\u00e4t zwischen Virtualisierung und Beschleunigung. In: Canzler, W., Haus, J., Knie, A., Ruhrort, L. (eds) Handbuch Mobilit\u00e4t und Gesellschaft. Springer VS, Wiesbaden.\u00a0<a href=\"https:\/\/doi.org\/10.1007\/978-3-658-37804-2_10-1\">https:\/\/doi.org\/10.1007\/978-3-658-37804-2_10-1<\/a>\u00a0(Open Access)<\/p>\n\n\n\n<p>Carstensten, Tanja; Kirchner, Stefan; Pfeiffer, Sabine; Will-Zocholl, Mascha (2022): Editorial: <strong>\u00a0<\/strong><a href=\"https:\/\/www.arbsoz.de\/ais-studien-leser\/372-von-den-folgen-zur-ermoeglichung\" target=\"_blank\" rel=\"noreferrer noopener\">Von den Folgen zur Erm\u00f6glichung der Digitalisierung. Wechselwirkungen von Arbeit, Organisation und Technik<\/a>. AIS-Studien, Jg. 15, Heft 2, S. 4-9.<\/p>\n\n\n\n<p>Baukrowitz, Andrea; Will-Zocholl, Mascha (2021): Die digitale Transformation als Herausforderung f\u00fcr die Personalarbeit in der \u00f6ffentlichen Verwaltung.&nbsp;In Gr\u00f6ber, Rainer und Inga Dransfeld-Haase (Hg.): Strategische Personalarbeit in der Transformation. Partizipation und Mitbestimmung f\u00fcr ein erfolgreiches HRM. Frankfurt: Bund-Verlag: 712-738.<\/p>\n\n\n\n<p>Will-Zocholl, Mascha; Hardering, Friedericke (2020): Digitalisierung als Informatisierung der sozialen Arbeit. Folgen f\u00fcr Arbeit und professionelles Selbstverst\u00e4ndnis von Sozialarbeiter*innen. In&nbsp;<em>Arbeit \u2013 Zeitschrift f\u00fcr Arbeitsforschung, Arbeitsgestaltung und Arbeitspolitik<\/em>, 29, Heft 2: 123-142. <a href=\"https:\/\/doi.org\/10.1515\/arbeit-2020-0010\">DOI<\/a><\/p>\n\n\n\n<p>Will-Zocholl, Mascha (2017): Virtual Temptations. In Briken, Kendra; Chillas, Siona; Krzywdzinski, Martin; Marks, Abigail (eds.):&nbsp;<em>The new digital workplace. How new technologies revolutionise work<\/em>. London: Palgrave MacMillan: 62-87.<\/p>\n\n\n\n<p><a href=\"http:\/\/www.ais-studien.de\/home\/veroeffentlichungen-16\/april\/artikel\/3017.html#artikel3017\">Will-Zocholl, Mascha. 2016. Die Verlockung des Virtuellen. Reorganisation von Arbeit unter Bedingungen der Informatisierung, Digitalisierung und Virtualisierung. In&nbsp;<em>AIS-Studien<\/em>, Jg. 9, Heft 1:&nbsp; 25-42.<\/a><\/p>\n\n\n\n<p><a href=\"https:\/\/www.forum-privatheit.de\/forum-privatheit-de\/texte\/veroeffentlichungen-des-forums\/themenpapiere-white-paper\/Forum_Privatheit_White_Paper_Privatheit_und_Datenflut_in_der_neuen_Arbeitswelt_fin.pdf\">Will-Zocholl, Mascha (2015): Implizite und intransparente Kontrollformen als Problem von Privatheit in der Arbeitswelt. In: Tina Morlok, Christian Matt, Thomas Hess (Hg.):&nbsp;<em>Privatheit und Datenflut in der neuen Arbeitswelt. Chancen und Risiken einer erh\u00f6hten Transparenz<\/em>. White Paper des Forum Privatheit und selbstbestimmtes Leben in der in der digitalen Welt. M\u00fcnchen: 32-35.<\/a><\/p>\n\n\n\n<p>Will-Zocholl, Mascha und K\u00e4mpf, Tobias (2016):<em>&nbsp;Informations- und Telekommunikations-Branchenreport 2014<\/em>.&nbsp;HBS Study. D\u00fcsseldorf: Boeckler<\/p>\n\n\n\n<p>Will-Zocholl, Mascha (2012): Informatisierung von Arbeit. In&nbsp;<em>Medienjournal \u2013 Zeitschrift f\u00fcr Kommunikationskultur<\/em>, Jg. 36, Heft 1: 38-52.<\/p>\n\n\n\n<p>Baukrowitz, Andrea; Berker, Thomas; Boes, Andreas; Pfeiffer, Sabine; Schmiede, Rudi; Will, Mascha (Hg.)(2006):&nbsp;<em>Informatisierung der Arbeit \u2013 Gesellschaft im Umbruch<\/em>. Berlin: edition sigma<\/p>\n","protected":false},"excerpt":{"rendered":"<p>Bartsch, Sebastian, Behn, Oliver, Benlian, Alexander, Brownsword, Richard; B\u00fccker, Sebastian; D\u00fcwell, Marc; Formanek, Nico; Jungt\u00e4ubl, Marc; Leyer, Michael; Richter, Alexander; Schmidt, Jan-Hendrik; Will-Zocholl, Mascha (2025): Governance of High-Risk AI Systems in Healthcare and Credit Scoring. In Business &amp; Information Systems &hellip; <a href=\"https:\/\/mawizo.de\/?page_id=472\">Weiterlesen <span class=\"meta-nav\">&rarr;<\/span><\/a><\/p>\n","protected":false},"author":1,"featured_media":0,"parent":27,"menu_order":0,"comment_status":"closed","ping_status":"closed","template":"","meta":{"footnotes":""},"class_list":["post-472","page","type-page","status-publish","hentry"],"_links":{"self":[{"href":"https:\/\/mawizo.de\/index.php?rest_route=\/wp\/v2\/pages\/472","targetHints":{"allow":["GET"]}}],"collection":[{"href":"https:\/\/mawizo.de\/index.php?rest_route=\/wp\/v2\/pages"}],"about":[{"href":"https:\/\/mawizo.de\/index.php?rest_route=\/wp\/v2\/types\/page"}],"author":[{"embeddable":true,"href":"https:\/\/mawizo.de\/index.php?rest_route=\/wp\/v2\/users\/1"}],"replies":[{"embeddable":true,"href":"https:\/\/mawizo.de\/index.php?rest_route=%2Fwp%2Fv2%2Fcomments&post=472"}],"version-history":[{"count":8,"href":"https:\/\/mawizo.de\/index.php?rest_route=\/wp\/v2\/pages\/472\/revisions"}],"predecessor-version":[{"id":725,"href":"https:\/\/mawizo.de\/index.php?rest_route=\/wp\/v2\/pages\/472\/revisions\/725"}],"up":[{"embeddable":true,"href":"https:\/\/mawizo.de\/index.php?rest_route=\/wp\/v2\/pages\/27"}],"wp:attachment":[{"href":"https:\/\/mawizo.de\/index.php?rest_route=%2Fwp%2Fv2%2Fmedia&parent=472"}],"curies":[{"name":"wp","href":"https:\/\/api.w.org\/{rel}","templated":true}]}}