{"id":469,"date":"2022-02-16T21:51:52","date_gmt":"2022-02-16T21:51:52","guid":{"rendered":"https:\/\/mawizo.de\/?page_id=469"},"modified":"2026-01-24T23:16:24","modified_gmt":"2026-01-24T23:16:24","slug":"arbeit-und-raum","status":"publish","type":"page","link":"https:\/\/mawizo.de\/?page_id=469","title":{"rendered":"Arbeit und Raum \/ Work and Space"},"content":{"rendered":"\n<p>Will-Zocholl, M. (2024). Berufsbezogene Mobilit\u00e4t zwischen Virtualisierung und Beschleunigung. In: Canzler, W., Haus, J., Knie, A., Ruhrort, L. (eds) Handbuch Mobilit\u00e4t und Gesellschaft. Springer VS, Wiesbaden.\u00a0<a href=\"https:\/\/doi.org\/10.1007\/978-3-658-37804-2_10-1\">https:\/\/doi.org\/10.1007\/978-3-658-37804-2_10-1<\/a>\u00a0(Open Access)<\/p>\n\n\n\n<p>Will-Zocholl, Mascha (2024): Topologies of workplaces?!\u00a0What can we learn from spatial sociology about hybrid workspaces? \u2013 Revisited. Proceedings of the 4th TWR Conference Edinburgh\/UK 2024<\/p>\n\n\n\n<p>Will-Zocholl, Mascha (2023): Topologien von B\u00fcroarbeit. Raumkonstruktionen in physisch-virtuellen Arbeitsarrangements. <em>Arbeit &#8211; Zeitschrift f\u00fcr Arbeitsforschung, Arbeitsgestaltung und Arbeitspolitik<\/em>, Vol. 32, I. 2: 195-216. <a href=\"https:\/\/doi.org\/10.1515\/arbeit-2023-0012\" target=\"_blank\" rel=\"noreferrer noopener\">https:\/\/doi.org\/10.1515\/arbeit-2023-0012<\/a> (Open Access)<\/p>\n\n\n\n<p>K\u00e4mpf-Dern, Annette; Will-Zocholl, Mascha (Hrsg.)(2022): Future Workspaces II. Special Issue&nbsp;<em>Journal of Corporate Real Estate,&nbsp;<\/em>Vol. 25, I. 2: 145-148. <a href=\"https:\/\/doi.org\/10.1108\/JCRE-06-2022-075\">https:\/\/doi.org\/10.1108\/JCRE-06-2022-075<\/a> (Open Access)<\/p>\n\n\n\n<p>K\u00e4mpf-Dern, Annette; Will-Zocholl, Mascha (2022): Transforming workplaces into performing workspaces\u2014Holistic evaluation concept for managing workspace change projects.&nbsp;<em>Z Immobilien\u00f6konomie<\/em>,&nbsp;Vol.8, I:2: 189-211. <a rel=\"noreferrer noopener\" href=\"https:\/\/doi.org\/10.1365\/s41056-022-00058-y\" target=\"_blank\">https:\/\/doi.org\/10.1365\/s41056-022-00058-y<\/a> (Open Access)<\/p>\n\n\n\n<p>K\u00e4mpf-Dern, Annette; Will-Zocholl, Mascha (Hrsg.)(2022): Future Workspaces. Special Issue&nbsp;<em>Journal of Corporate Real Estate,&nbsp;<\/em>Vol. 24, I. 1: 1-3. <a href=\"https:\/\/doi.org\/10.1108\/JCRE-04-2022-073\">https:\/\/doi.org\/10.1108\/JCRE-04-2022-073<\/a> (Open Access)<\/p>\n\n\n\n<p>Will-Zocholl, Mascha; Roth-Ebner, Caroline (2021): Introduction to Topologies of Digital Work. In Will-Zocholl, Mascha; Roth-Ebner, Caroline (eds.): Topologies of Work. How Digitalisation and Virtualisation shape Working Spaces and Places. Virtual Work Series. London: Palgrave MacMillan: 1-16. <a href=\"https:\/\/doi.org\/10.1007\/978-3-030-80327-8_1\">https:\/\/doi.org\/10.1007\/978-3-030-80327-8_1<\/a> (Open Access)<\/p>\n\n\n\n<p>Roth-Ebner, Caroline; Will-Zocholl, Mascha (2021): Synopsis: How Space and Place Matter in the Context of Digital Work. In Will-Zocholl, Mascha; Roth-Ebner, Caroline (eds.): Topologies of Work. How Digitalisation and Virtualisation shape Working Spaces and Places. Virtual Work Series.&nbsp;London: Palgrave MacMillan: 263-283. <a href=\"https:\/\/doi.org\/10.1007\/978-3-030-80327-8_11\">https:\/\/doi.org\/10.1007\/978-3-030-80327-8_11<\/a> (Open Access)<\/p>\n\n\n\n<p>Will-Zocholl, Mascha (2021): Information Space(s). In Appel-Meulenbroek, Rianne; Danivska, Vitalija (eds.): Workplace Theories. A Handbook of Theories on Designing Alignment Between People and the Office Environment. London: Routledge: 82-93.&nbsp;<a href=\"https:\/\/doi.org\/10.1201\/9781003128830\">DOI<\/a><\/p>\n\n\n\n<p>K\u00e4mpf-Dern, Annette; Will-Zocholl, Mascha (eds.)(2020): Future Workspaces. Proceedings of the 2nd Transdisciplinary Workplace Research Conference in Frankfurt and Online.&nbsp;Frankfurt\/M.&nbsp;<a href=\"http:\/\/www.twrnetwork.org\/wp-content\/uploads\/2020\/11\/TWR2020_Future_Workspaces_Ed2.pdf\">http:\/\/www.twrnetwork.org\/wp-content\/uploads\/2020\/11\/TWR2020_Future_Workspaces_Ed2.pdf<\/a><\/p>\n\n\n\n<p><a href=\"http:\/\/www.ais-studien.de\/uploads\/tx_nfextarbsoznetzeitung\/AIS-19-01-04_Will-Zocholl_et_al._final.pdf\">Will-Zocholl, Mascha; Flecker, J\u00f6rg; Schorf, Philip (2019): Zur realen Virtualit\u00e4t von Arbeit. Raumbez\u00fcge in digitalisierter Wissensarbeit. In&nbsp;<em>AIS-Studien<\/em>, Jg. 12, Heft 1, 36-54.<\/a><\/p>\n\n\n\n<p>Will-Zocholl, Mascha (2016): New topologies of work. Informatisation, virtualisation and globalisation in the automotive industry. In Flecker, J\u00f6rg (ed.):&nbsp;<em>Space, Place and Global Digital Work<\/em>.&nbsp;Palgrave MacMillan, 31-52.<\/p>\n\n\n\n<p>Will-Zocholl, Mascha (2012): Globalisierte Wissensarbeit? Ingenieure in der Automobilindustrie. In Schilcher\/Will-Zocholl, 159-184.<\/p>\n\n\n\n<p>Will-Zocholl, Mascha (2011): Knowledge Work in the Automobile Industry. Local and Global Challenges for Engineers. In Krings, Bettina-Johanna (ed.):&nbsp;<em>Changes of Work in Knowledge-based Societies<\/em>. Berlin: edition sigma, 109-129.<\/p>\n\n\n\n<p>Will-Zocholl, Mascha (2011):&nbsp;<em>Wissensarbeit in der Automobilindustrie. Topologie der Reorganisation von Ingenieursarbeit in der globalen Produktentwicklung.<\/em>&nbsp;Berlin: edition sigma<\/p>\n\n\n\n<p>Schmiede, Rudi; Will-Zocholl, Mascha (2011): Engineers Work on the Move. Challenges in Automotive Engineering in a Globalized World. In&nbsp;<em>Engineering Studies<\/em>, Vol.3, Issue 2\/2011, 1-21.<\/p>\n","protected":false},"excerpt":{"rendered":"<p>Will-Zocholl, M. (2024). Berufsbezogene Mobilit\u00e4t zwischen Virtualisierung und Beschleunigung. In: Canzler, W., Haus, J., Knie, A., Ruhrort, L. (eds) Handbuch Mobilit\u00e4t und Gesellschaft. Springer VS, Wiesbaden.\u00a0https:\/\/doi.org\/10.1007\/978-3-658-37804-2_10-1\u00a0(Open Access) Will-Zocholl, Mascha (2024): Topologies of workplaces?!\u00a0What can we learn from spatial sociology about &hellip; <a href=\"https:\/\/mawizo.de\/?page_id=469\">Weiterlesen <span class=\"meta-nav\">&rarr;<\/span><\/a><\/p>\n","protected":false},"author":1,"featured_media":0,"parent":27,"menu_order":0,"comment_status":"closed","ping_status":"closed","template":"full-width-page.php","meta":{"footnotes":""},"class_list":["post-469","page","type-page","status-publish","hentry"],"_links":{"self":[{"href":"https:\/\/mawizo.de\/index.php?rest_route=\/wp\/v2\/pages\/469","targetHints":{"allow":["GET"]}}],"collection":[{"href":"https:\/\/mawizo.de\/index.php?rest_route=\/wp\/v2\/pages"}],"about":[{"href":"https:\/\/mawizo.de\/index.php?rest_route=\/wp\/v2\/types\/page"}],"author":[{"embeddable":true,"href":"https:\/\/mawizo.de\/index.php?rest_route=\/wp\/v2\/users\/1"}],"replies":[{"embeddable":true,"href":"https:\/\/mawizo.de\/index.php?rest_route=%2Fwp%2Fv2%2Fcomments&post=469"}],"version-history":[{"count":11,"href":"https:\/\/mawizo.de\/index.php?rest_route=\/wp\/v2\/pages\/469\/revisions"}],"predecessor-version":[{"id":723,"href":"https:\/\/mawizo.de\/index.php?rest_route=\/wp\/v2\/pages\/469\/revisions\/723"}],"up":[{"embeddable":true,"href":"https:\/\/mawizo.de\/index.php?rest_route=\/wp\/v2\/pages\/27"}],"wp:attachment":[{"href":"https:\/\/mawizo.de\/index.php?rest_route=%2Fwp%2Fv2%2Fmedia&parent=469"}],"curies":[{"name":"wp","href":"https:\/\/api.w.org\/{rel}","templated":true}]}}