{"id":27,"date":"2016-04-17T21:07:53","date_gmt":"2016-04-17T21:07:53","guid":{"rendered":"http:\/\/mawizo.de\/?page_id=27"},"modified":"2026-01-24T23:38:19","modified_gmt":"2026-01-24T23:38:19","slug":"publications-veroeffentlichungen","status":"publish","type":"page","link":"https:\/\/mawizo.de\/?page_id=27","title":{"rendered":"Publikationen \/ Publications"},"content":{"rendered":"\n<div class=\"wp-block-group\"><div class=\"wp-block-group__inner-container is-layout-flow wp-block-group-is-layout-flow\">\n<div class=\"wp-block-group\"><div class=\"wp-block-group__inner-container is-layout-flow wp-block-group-is-layout-flow\">\n<div class=\"wp-block-columns is-layout-flex wp-container-core-columns-is-layout-9d6595d7 wp-block-columns-is-layout-flex\">\n<div class=\"wp-block-column is-layout-flow wp-block-column-is-layout-flow\" style=\"flex-basis:100%\">\n<p>Ausgew\u00e4hlte Publikationen sind \u00fcber&nbsp;<a href=\"https:\/\/www.researchgate.net\/profile\/Mascha_Will-Zocholl\">Researchgate.net<\/a>&nbsp;verf\u00fcgbar. \/ Selected publications are available via <a href=\"https:\/\/www.researchgate.net\/profile\/Mascha_Will-Zocholl\">Researchgate.net<\/a>.<\/p>\n\n\n\n<p>Die Ver\u00f6ffentlichungen sind hier nach Schwerpunkte sortiert. \/ The publications are sorted here according to focus areas<\/p>\n<\/div>\n<\/div>\n<\/div><\/div>\n<\/div><\/div>\n\n\n\n<h2 class=\"wp-block-heading\" id=\"arbeit-und-raum\"><a href=\"https:\/\/mawizo.de\/?page_id=731\" data-type=\"page\" data-id=\"731\">K\u00fcnstliche Intelligenz und Governance \/ Artificial Intelligence and Governance <\/a><br><a href=\"https:\/\/mawizo.de\/?page_id=469\" data-type=\"page\" data-id=\"469\">Arbeit und Raum \/ Work and Space<\/a><\/h2>\n\n\n\n<h2 class=\"wp-block-heading\" id=\"informatisierung-und-digitalisierung\"><a href=\"https:\/\/mawizo.de\/?page_id=472\" data-type=\"page\" data-id=\"472\">Informatisierung und Digitalisierung \/ Informatisation and Digitisation<\/a><\/h2>\n\n\n\n<h2 class=\"wp-block-heading\" id=\"informatisierung-und-digitalisierung\"><a href=\"https:\/\/mawizo.de\/?page_id=577\" data-type=\"page\" data-id=\"577\">Arbeiten in der digitalisierten Verwaltung \/ Work in the Digitised Administration<\/a><\/h2>\n\n\n\n<h2 class=\"wp-block-heading\" id=\"wandel-von-arbeit-und-organisation\"><a href=\"https:\/\/mawizo.de\/?page_id=480\" data-type=\"page\" data-id=\"480\">Wandel von Arbeit und Organisation \/ Change of Work and Organisation<\/a><\/h2>\n\n\n\n<h2 class=\"wp-block-heading\" id=\"vertrauen-und-kooperation\"><a href=\"https:\/\/mawizo.de\/?page_id=476\" data-type=\"page\" data-id=\"476\">Vertrauen und Kooperation \/ Trust and Cooperation<\/a><\/h2>\n\n\n\n<h2 class=\"wp-block-heading\" id=\"sinn-in-der-arbeit-und-sinnvolle-arbeit\"><a href=\"https:\/\/mawizo.de\/?page_id=474\" data-type=\"page\" data-id=\"474\">Sinn in der Arbeit und sinnvolle Arbeit \/ Meaning in Work and Meaningful Work<\/a><\/h2>\n\n\n\n<h2 class=\"wp-block-heading\" id=\"ingenieursarbeit-revisited\"><a href=\"https:\/\/mawizo.de\/?page_id=478\" data-type=\"page\" data-id=\"478\">Ingenieursarbeit revisited \/ Engineering Work Revisited<\/a><\/h2>\n","protected":false},"excerpt":{"rendered":"<p>Ausgew\u00e4hlte Publikationen sind \u00fcber&nbsp;Researchgate.net&nbsp;verf\u00fcgbar. \/ Selected publications are available via Researchgate.net. Die Ver\u00f6ffentlichungen sind hier nach Schwerpunkte sortiert. \/ The publications are sorted here according to focus areas K\u00fcnstliche Intelligenz und Governance \/ Artificial Intelligence and Governance Arbeit und Raum &hellip; <a href=\"https:\/\/mawizo.de\/?page_id=27\">Weiterlesen <span class=\"meta-nav\">&rarr;<\/span><\/a><\/p>\n","protected":false},"author":1,"featured_media":0,"parent":0,"menu_order":0,"comment_status":"closed","ping_status":"closed","template":"full-width-page.php","meta":{"footnotes":""},"class_list":["post-27","page","type-page","status-publish","hentry"],"_links":{"self":[{"href":"https:\/\/mawizo.de\/index.php?rest_route=\/wp\/v2\/pages\/27","targetHints":{"allow":["GET"]}}],"collection":[{"href":"https:\/\/mawizo.de\/index.php?rest_route=\/wp\/v2\/pages"}],"about":[{"href":"https:\/\/mawizo.de\/index.php?rest_route=\/wp\/v2\/types\/page"}],"author":[{"embeddable":true,"href":"https:\/\/mawizo.de\/index.php?rest_route=\/wp\/v2\/users\/1"}],"replies":[{"embeddable":true,"href":"https:\/\/mawizo.de\/index.php?rest_route=%2Fwp%2Fv2%2Fcomments&post=27"}],"version-history":[{"count":54,"href":"https:\/\/mawizo.de\/index.php?rest_route=\/wp\/v2\/pages\/27\/revisions"}],"predecessor-version":[{"id":735,"href":"https:\/\/mawizo.de\/index.php?rest_route=\/wp\/v2\/pages\/27\/revisions\/735"}],"wp:attachment":[{"href":"https:\/\/mawizo.de\/index.php?rest_route=%2Fwp%2Fv2%2Fmedia&parent=27"}],"curies":[{"name":"wp","href":"https:\/\/api.w.org\/{rel}","templated":true}]}}