{"id":239,"date":"2019-02-19T20:44:58","date_gmt":"2019-02-19T20:44:58","guid":{"rendered":"http:\/\/mawizo.de\/?page_id=239"},"modified":"2021-08-11T20:52:33","modified_gmt":"2021-08-11T20:52:33","slug":"trust-teamwork-in-unternehmensuebergreifenden-kooperationen","status":"publish","type":"page","link":"https:\/\/mawizo.de\/?page_id=239","title":{"rendered":"TRUST Teamwork in unternehmens\u00fcbergreifenden Kooperationen"},"content":{"rendered":"\n<p>Willkommen auf der Website des BMBF-Projekts Trust Teamwork. Das Projekt wurde zum 31.07.2013 beendet. Sie finden auf diesen Seiten Informationen, Kontaktdaten der Projektpartner und Publikationen des Projekts. Bitte beachten Sie, die Webseite wird seit 01.03.2016 nicht mehr aktualisiert.<\/p>\n\n\n\n<div class=\"wp-block-image\"><figure class=\"aligncenter\"><img loading=\"lazy\" decoding=\"async\" width=\"226\" height=\"95\" src=\"http:\/\/mawizo.de\/wp-content\/uploads\/2019\/02\/trust.png\" alt=\"\" class=\"wp-image-247\"\/><\/figure><\/div>\n\n\n\n<p>TRUST ist ein Forschungsprojekt, das unternehmens\u00fcbergreifende Kooperationen in der Automobilindustrie untersucht und dabei besonderes Augenmerk auf die Rolle von Vertrauen legt.<br><\/p>\n\n\n\n<p>TRUST verfolgt das Ziel, die Bedeutung von Vertrauen im Kontext weiterer Einflussfaktoren auf Kooperationen zu analysieren. Praxistaugliche Verfahren, Techniken und Instrumente f\u00fcr unternehmens\u00fcbergreifende Projekte werden erprobt und zur Verf\u00fcgung gestellt.<\/p>\n\n\n\n<p><strong>Publikationen TRUST-Projekt<\/strong><\/p>\n\n\n\n<p>Schilcher, C.; Schmiede, R.; Sauer, S.; Will-Zocholl, Mascha; Straub, R. (2013): Vertrauensbasiert kooperieren. Teamwork in unternehmens- und standort\u00fcbergreifenden Projekten. Aachen: shaker<\/p>\n\n\n\n<p>Roth, S. (2013): Vertrag und Vertrauen. Die Regelung von Entwicklungskooperationen in der Automobilindustrie. Aachen: shaker<\/p>\n\n\n\n<p>Straub, R. (2013): Kontrolle und Vertrauen. Die Regelung von Entwicklungskooperationen in der Automobilindustrie. Aachen: shaker (zugl. Diplomarbeit TU Darmstadt)<\/p>\n\n\n\n<p>Sauer, S.; Schilcher, C.; Will-Zocholl, M. (2013): Zur Untrennbarkeit von systemischen und personalen Aspekten von Vertrauen: Wider vereinseitigender Differenzierungen. In: Arbeit 22(1): 32 \u2013 46<\/p>\n\n\n\n<p>Pfeiffer, S. (2012): Arbeit in Bewegung \u2013 Innovation stillgestellt? Standardisierung 2.0 in der Innovationsarbeit des Maschinenbaus. In: Christian Schilcher et al. (Hrsg.) (2012): Arbeitswelten in Bewegung: Arbeit, Technik und Organisation in der nachindustriellen Gesellschaft. Wiesbaden: VS Verlag f\u00fcr Sozialwissenschaften: 59 \u2013 83<\/p>\n\n\n\n<p>Krastel, M. (2012a): Kooperationen am Flie\u00dfband &#8211; Herausforderung f\u00fcr Management und IT-Systeme. In: ProduktDatenJournal (2): 24 \u2013 27<\/p>\n\n\n\n<p>Krastel, M. (2012b): Kooperationen \u2013 Herausforderungen f\u00fcr Management. In: oemsupplier 9(9): 86 \u2013 88<\/p>\n\n\n\n<p>Sauer, S.; Huchler, N. (2012): Vertrauensniveaus im agilen Projektmanagement. In: Praeview. Zeitschrift f\u00fcr innovative Arbeitsgestaltung und Pr\u00e4vention (2). 20 \u2013 21<\/p>\n\n\n\n<p>Sauer, S.; Pfeiffer, S. (2012): (Erfahrungs-)Wissen als Planungsressource: Neue Formen der Wissens(ver?-)nutzung im Unternehmen am Beispiel agiler Entwicklungsmethoden. In: Koch. G.; Warneken. B. (Hrsg.) (2012): Wissensarbeit und Arbeitswissen. Zur Ethnografie des kognitiven Kapitalismus. Frankfurt\/Main: Campus: 195 \u2013 209<\/p>\n\n\n\n<p>Verbundprojekt TRUST (2012): Teamwork in unternehmens\u00fcbergreifenden Kooperationen. In: M\u00f6slein, K.; Trinczek, R.; B\u00f6hler, D.; Eichler, L.; Hallerstede, S.; Kr\u00e4mer, K.; Renken, U.; Staples, R. (Hrsg.): Working Knowledge. Arbeit gestalten in der Innovationsgesellschaft. N\u00fcrnberg: FAU: 60-61<\/p>\n\n\n\n<p>Diekmann, J. (2012): Dem Konkurrenten vertrauen &#8211; gemeinsam zum Erfolg? Kooperation im Verbund mittelst\u00e4ndischer Zulieferer. Aachen: Shaker (zugl. Diplomarbeit TU Darmstadt)<\/p>\n\n\n\n<p>Schilcher, Ch.\/ Will-Zocholl, M. (Hg.)(2012): Arbeitswelten in Bewegung. Arbeit, Technik und Organisation in der &#8222;nachindustriellen Gesellschaft&#8220;. Wiesbaden: VS Verlag<\/p>\n\n\n\n<p>Fakhry, R. (2012): Konzeption eines Vertrauensmodells f\u00fcr den Wissensschutz im Datenaustausch innerhalb von Produktentwicklungskooperationen.Bachelorarbeit am Fachgebiet DIK. TU-Darmstadt.<\/p>\n\n\n\n<p>Henriques, J.; V\u00f6lz, D.; Anderl, R. (2012): Product data exchange security processes based on trust and rights management.&nbsp;In: Proceedings of the TMCE Karlsruhe, Mai 2012: 7-11<\/p>\n\n\n\n<p>Schilcher, C.; Will-Zocholl, M. (2012): Vertrauen in Kooperationen. Einsichten aus der Automobilindustrie. In: ZfKE &#8211; Zeitschrift f\u00fcr KMU und Entrepreneuship, Jg. 60, Heft 3. Berlin: Dunker &amp; Humblot: 200-217<\/p>\n\n\n\n<p>Schilcher, C.; Will-Zocholl, M.; Ziegler, M. (Hrsg.) (2012): Vertrauen und Kooperation in der Arbeitswelt. Wiesbaden: VS Verlag f\u00fcr Sozialwissenschaften.<\/p>\n\n\n\n<p>Schilcher, C.; Will-Zocholl, M.; Ziegler, M. (2012): Vertrauen und Kooperation in der Arbeitswelt &#8211; Eine Einf\u00fchrung. In: Dies. (Hrsg.): 11-22<\/p>\n\n\n\n<p>Schilcher, C.; Ziegler, M.; Sauer, S.; Will-Zocholl, M.; Poth, A. K. (2012): Personale und systemische Dimensionen des Vertrauens: Vertrauenspraktiken am Beispiel unternehmens- und standort\u00fcbergreifender Kooperationen. In: Schilcher et al. (Hrsg.): 123-144<\/p>\n\n\n\n<p>Sauer, S. (2012): Vertrauen bei der Arbeit in interkulturellen Teams. Eine Herausforderung f\u00fcr Besch\u00e4ftigte, ihre Vertretungen und f\u00fcr Unternehmen. In: Computer und Arbeit, Heft 01\/2012, 20-22<\/p>\n\n\n\n<p>Verbundprojekt TRUST (2011): Zwischenbericht des Verbundprojektes TRUST&nbsp;\u2010Teamwork in unternehmens\u00fcbergreifenden Kooperationen. Zur Bedeutung von Vertrauen f\u00fcr innovative Produktentwicklung in der Automobilbranche. Teil 1: Ergebnisse aus den Interviews und Teil 2 Ergebnisse der Online-Befragung.<\/p>\n\n\n\n<p>V\u00f6lz, D.; Sch\u00fcle, A. (2011): A New Approach to Trust and Reputation based Rights Management in Product Development Collaboration, in: Proceedings of ASME 2011 International Design Engineering Technical Conference &amp; Computers and Information in Engineering Conference, IDETC\/CIE 2011, Washington.<\/p>\n\n\n\n<p>V\u00f6lz, D.; Petendra, B., Schilcher, C.; Anderl, R.; (2011): Balancing Trust and Knowledge Protection in Interorganizational Product Design Collaboration.&nbsp;In: Journal of Product Development (IJPD), Vol.15, Issue 1-3: 71-89.<\/p>\n\n\n\n<p>Verbundprojekt TRUST, 2010: Zwischenbericht des Verbundprojektes TRUST &#8211; Teamwork in unternehmens\u00fcbergreifenden Kooperationen. Zur Bedeutung von Vertrauen f\u00fcr innovative Produktentwicklung in der Automobilbranche. Ergebnisse aus den Interviews. Darmstadt. www.trust-teamwork.de<\/p>\n\n\n\n<p>Krastel, M., S. Sauer, C. Schilcher, O. Trendel, D. V\u00f6lz, M. Will-Zocholl, 2010:&nbsp;<em>TRUST: Zusammenarbeit in unternehmens\u00fcbergreifenden Teams &#8211; Forschungs- und Gestaltungsans\u00e4tze des Verbundprojektes TRUST.<\/em>In: K. M\u00f6slein, et al.: Balance Konferenzband. Flexibel, stabil und innovativ: Arbeit im 21. Jahrhundert. Beitr\u00e4ge zur Ersten Jahrestagung des BMBF-F\u00f6rderschwerpunkts &#8222;Balance: Flexibilit\u00e4t und Stabilit\u00e4t in einer sich wandelnden Arbeitswelt&#8220;, 5. und 6. Oktober 2010, N\u00fcrnberg, S. 201-210.<\/p>\n\n\n\n<p>Sauer, Stefan, Daniela W\u00fchr, 2010: Scrum als Innovations- und Emanzipationsgenerator? Was traditionelle Branchen von der Software-Entwicklung lernen k\u00f6nnen. In: Computer und Arbeit. Vernetztes Wissen f\u00fcr Betriebs- und Personalr\u00e4te, Heft 11\/2010, S. 10-14<\/p>\n\n\n\n<p>Diekmann, Janis, Brigitte Petendra, Stefan Sauer, Christian Schilcher, Marc Ziegler, 2010:&nbsp;<em>Dem Vertrauen auf der Spur. Die Rekonstruktion von Vertrauensverh\u00e4ltnissen in unternehmens\u00fcbergreifenden Kooperationen.<\/em>&nbsp;In: Arbeits- und Industriesoziologische Studien, Jg. 3, Heft 1, August 2010, S. 39-50.<br>Petendra, Brigitte, Christian Schilcher und Marc Ziegler, 2010:&nbsp;<em>Vertrauen st\u00e4rken. Die Bedeutung des \u201eweichen\u201c Faktors f\u00fcr Innovationen.<\/em>&nbsp;In: hoch3 &#8211; Die Zeitung der Technischen Universit\u00e4t Darmstadt, Jg. 6 (2010), Heft 1, S. 9.&nbsp;<br>http:\/\/www.tu-darmstadt.de\/media\/illustrationen\/referat_kommunikation\/hoch3\/pdf\/hoch3_2010_01.pdf.<\/p>\n\n\n\n<p>Anderl, Reiner, Brigitte Petendra, Christian Schilcher, Daniel Spie\u00df, Diana V\u00f6lz, 2010:&nbsp;<em>Multidisciplinary Research on Trust in Interorganizational Virtual Product Development Collaboration.<\/em>In: Tools and Methods of Competitive Engineering, Vol. 1, Proceedings of the TMCE 2010, April 12-16, Ancona, Italy.&nbsp;Delft University of Technology, pp. 487-498.<\/p>\n\n\n\n<p><strong>Diplomarbeiten (abgeschlossen):<\/strong><\/p>\n\n\n\n<p>Straub, R. (2013): Kontrolle und Vertrauen. Die Regelung von Entwicklungskooperationen in der Automobilindustrie. Aachen: shaker<\/p>\n\n\n\n<p>Diekmann, J. (2012): Dem Konkurrenten&nbsp;vertrauen&nbsp;&#8211; gemeinsam zum Erfolg? Kooperation im Verbund mittelst\u00e4ndischer Zulieferer. Aachen: Shaker<\/p>\n\n\n\n<p>Faatz, Roman (2011): Entwicklung eines Konzepts zum Wissensschutz in der unternehmens\u00fcbergreifenden Zusammenarbeit. , gemeinsam betreut durch den Fachbereich Maschinenbau, Daten in der Konstruktion (DIK) der TU Darmstadt und :em engineering methods AG, Darmstadt.<\/p>\n\n\n\n<p>Werner, Caroline Tina (2010): Determinanten der Mitarbeiterbindung. Bindungen zwischen Stabilit\u00e4t und Flexibilit\u00e4t.<\/p>\n","protected":false},"excerpt":{"rendered":"<p>Willkommen auf der Website des BMBF-Projekts Trust Teamwork. Das Projekt wurde zum 31.07.2013 beendet. Sie finden auf diesen Seiten Informationen, Kontaktdaten der Projektpartner und Publikationen des Projekts. Bitte beachten Sie, die Webseite wird seit 01.03.2016 nicht mehr aktualisiert. TRUST ist &hellip; <a href=\"https:\/\/mawizo.de\/?page_id=239\">Weiterlesen <span class=\"meta-nav\">&rarr;<\/span><\/a><\/p>\n","protected":false},"author":1,"featured_media":0,"parent":2,"menu_order":0,"comment_status":"closed","ping_status":"closed","template":"","meta":{"footnotes":""},"class_list":["post-239","page","type-page","status-publish","hentry"],"_links":{"self":[{"href":"https:\/\/mawizo.de\/index.php?rest_route=\/wp\/v2\/pages\/239","targetHints":{"allow":["GET"]}}],"collection":[{"href":"https:\/\/mawizo.de\/index.php?rest_route=\/wp\/v2\/pages"}],"about":[{"href":"https:\/\/mawizo.de\/index.php?rest_route=\/wp\/v2\/types\/page"}],"author":[{"embeddable":true,"href":"https:\/\/mawizo.de\/index.php?rest_route=\/wp\/v2\/users\/1"}],"replies":[{"embeddable":true,"href":"https:\/\/mawizo.de\/index.php?rest_route=%2Fwp%2Fv2%2Fcomments&post=239"}],"version-history":[{"count":5,"href":"https:\/\/mawizo.de\/index.php?rest_route=\/wp\/v2\/pages\/239\/revisions"}],"predecessor-version":[{"id":334,"href":"https:\/\/mawizo.de\/index.php?rest_route=\/wp\/v2\/pages\/239\/revisions\/334"}],"up":[{"embeddable":true,"href":"https:\/\/mawizo.de\/index.php?rest_route=\/wp\/v2\/pages\/2"}],"wp:attachment":[{"href":"https:\/\/mawizo.de\/index.php?rest_route=%2Fwp%2Fv2%2Fmedia&parent=239"}],"curies":[{"name":"wp","href":"https:\/\/api.w.org\/{rel}","templated":true}]}}