{"id":2,"date":"2016-02-03T04:08:41","date_gmt":"2016-02-03T04:08:41","guid":{"rendered":"http:\/\/wp442m.a10-52-158-154.qa.plesk.ru\/wordpress\/?page_id=2"},"modified":"2024-03-19T20:33:52","modified_gmt":"2024-03-19T20:33:52","slug":"sample-page","status":"publish","type":"page","link":"https:\/\/mawizo.de\/?page_id=2","title":{"rendered":"Forschungsprojekte"},"content":{"rendered":"\n<p>Meine Forschungsprojekte bewegen sich im Spannungsfeld von Arbeit, Technik und&nbsp;Organisation und fokussieren thematisch vor allem auf die Digitalisierung der Arbeitswelt.<\/p>\n\n\n<div class=\"wp-block-image\">\n<figure class=\"alignleft is-resized\"><img loading=\"lazy\" decoding=\"async\" width=\"300\" height=\"111\" src=\"https:\/\/mawizo.de\/wp-content\/uploads\/2024\/02\/Logo-ZEVEDI-cropped-300x111.png\" alt=\"\" class=\"wp-image-647\" style=\"width:251px;height:auto\" srcset=\"https:\/\/mawizo.de\/wp-content\/uploads\/2024\/02\/Logo-ZEVEDI-cropped-300x111.png 300w, https:\/\/mawizo.de\/wp-content\/uploads\/2024\/02\/Logo-ZEVEDI-cropped-1024x379.png 1024w, https:\/\/mawizo.de\/wp-content\/uploads\/2024\/02\/Logo-ZEVEDI-cropped-768x284.png 768w, https:\/\/mawizo.de\/wp-content\/uploads\/2024\/02\/Logo-ZEVEDI-cropped-1536x569.png 1536w, https:\/\/mawizo.de\/wp-content\/uploads\/2024\/02\/Logo-ZEVEDI-cropped-2048x759.png 2048w, https:\/\/mawizo.de\/wp-content\/uploads\/2024\/02\/Logo-ZEVEDI-cropped-800x296.png 800w\" sizes=\"auto, (max-width: 300px) 100vw, 300px\" \/><\/figure>\n<\/div>\n\n\n<p><strong>DigiGov. <a href=\"https:\/\/zevedi.de\/themen\/digigov\/\">Digital Governance &#8211; Verantwortung und Vertrauen in digitalen Strukturen<\/a><\/strong><br>\nseit 10\/2023 ZEVEDI-Projekt<\/p>\n\n\n\n<p>Infolge der Digitalisierung von Organisationen ist Digital Governance als wichtiges Aufgabenfeld in den Fokus ger\u00fcckt. Darunter wird sowohl die Digitalisierung von Entscheidungsprozessen (digitalisierte Governance) als auch die Steuerung dieser Digitalisierungsprozesse selbst verstanden (Governance der Digitalisierung). Ihre Funktion ist das Alignment (\u00dcbereinstimmung) der digitalen Prozesse und Modelle mit den Zwecken und Werten der Organisation. Um das Alignment zu sichern, wird Verantwortung aufgeteilt und zugeschrieben. Vertrauen erh\u00e4lt in diesem Zusammenhang eine besondere Rolle.<\/p>\n\n\n\n<div>Aus arbeitssoziologischer Perspektive stehen die Besch\u00e4ftigten bzw. involvierten Professionen im Fokus. Wie gestalten sich die Verh\u00e4ltnisse zwischen Besch\u00e4ftigten, Organisation und Technik. Wie erfolgen Verantwortungszuschreibungen in der allt\u00e4glichen Arbeitspraxis? Welche Ver\u00e4nderungen ergeben sich in&nbsp;Bezug auf Vertrauen\/Misstrauen? Dabei werden&nbsp;Machtverh\u00e4ltnisse als konzeptioneller Schl\u00fcssel f\u00fcr die Frage nach Vertrauen und Verantwortung angesehen? Ver\u00e4ndern sich dadurch Selbstverst\u00e4ndnis und Arbeitsidentit\u00e4t? Birgt das Alignment ein Konfliktfeld zwischen Aneignung und Entfremdung, Anerkennung und Abwertung? Diesen Fragen wird anhand verschiedener Praxisfelder nachgesp\u00fcrt.<\/div>\n\n\n\n<div class=\"wp-block-group\"><div class=\"wp-block-group__inner-container is-layout-constrained wp-block-group-is-layout-constrained\">\n<div>Projektteam (H\u00f6MS): Prof. Dr. Mascha Will-Zocholl und Dr. Martin Winter<\/div>\n\n<\/div><\/div>\n\n\n<div class=\"wp-block-image\">\n<figure class=\"alignleft is-resized\"><img loading=\"lazy\" decoding=\"async\" width=\"207\" height=\"76\" src=\"http:\/\/mawizo.de\/wp-content\/uploads\/2020\/02\/Bildschirmfoto-2020-02-12-um-22.59.34.png\" alt=\"\" class=\"wp-image-329\" style=\"width:207px;height:auto\"\/><\/figure>\n<\/div>\n\n\n<p><\/p>\n\n\n\n<p><\/p>\n\n\n\n<p><b>Forschungsprogramm &#8222;Arbeiten in der digitalen Verwaltung&#8220;<br> <\/b>seit 09\/2017 [HMdIS; HfPV jetzt H\u00f6MS]<\/p>\n\n\n\n<p><strong>Digi@\u00f6V &#8211; Digitalisierung, Automatisierung und Virtualisierung in der \u00f6ffentlichen Verwaltung<\/strong><\/p>\n\n\n\n<p>Forschungsgegenstand dieses Projektes ist es, die Corona- und digitalisierungsbedingten Ver\u00e4nderungen in der \u00f6ffentlichen Verwaltung zu erfassen und zu analysieren. Dazu werden sowohl qualitative Interviews mit Digitalisierungsexpertinnen und -experten durchgef\u00fchrt als auch eine deutschlandweite Online-Befragung. Dabei wird der Fragebogen des BMAS-gef\u00f6rderten Projekts \u201eAutomatisierung, Digitalisierung und Virtualisierung der Arbeitswelt in Folge der COVID-19-Krise\u201c am Wissenschaftszentrum Berlin, das seinen Erhebungsschwerpunkt im industriellen und Dienstleistungsfeld hat, auf die Verwaltungspraxis angepasst und als Befragungsinstrument auf allen Verwaltungsebenen eingesetzt.<\/p>\n\n\n\n<p><strong>WmA &#8211; Wandel ministerieller Arbeit (gemeinsam mit dem SHI Berlin)<\/strong><\/p>\n\n\n\n<p>Der Fokus des Forschungsprojektes, das sich exemplarisch mit dem Wandel von Verwaltungsarbeit befasst, liegt auf den Ver\u00e4nderungen ministerieller Arbeit auf Bundesebene. Auch Digitalisierungsprozesse spielen dabei eine Rolle. Dazu werden qualitative, leitfadengest\u00fctzte Interviews in Bundesbeh\u00f6rden durchgef\u00fchrt. Ziel dieses explorativen Projekts ist es, Thesen f\u00fcr weiterf\u00fchrende Forschung zu erarbeiten.<\/p>\n\n\n\n<p><strong>Teilprojekte I-IV Mensch im Mittelpunkt<\/strong><\/p>\n\n\n\n<p>Teilprojekt I &#8222;Arbeiten in der digitalen Verwaltung: \u00f6konomische und soziologische Perspektiven&#8220; (Literaturstudie)<br>\nTeilprojekt II &#8222;Der Mensch in der digitalen Verwaltung: interdisziplin\u00e4re Perspektiven auf aktuelle Prozesse&#8220; (Vorstudie)<br>\nTeilprojekt III &#8222;Der Mensch in der digitalen Verwaltung: Qualifikation und Kompetenz im Wandel (Interviewstudie)<br>\nTeilprojekt IV &#8222;Der Mensch in der digitalen Verwaltung: Automation&#8220; (Antragsprojekt)<\/p>\n\n\n\n<p>Die Digitalisierung in der \u00f6ffentlichen Verwaltung wird im Kontext der Verwaltungsmodernisierung (Hammerschmid et al. 2016; Hogrebe 2013) und in Konzepten der \u201edigitalen Verwaltung\u201c breit diskutiert, u.a. durch die Agenda der Bundesregierung \u201eDigitale Verwaltung 2020\u201c sowie der Digitalisierungsinitiative \u201eStaat 4.0\u201c des Bundesinnenministeriums.&nbsp;Gegen\u00fcber vielen prim\u00e4r auf Technik, formale Organisation und neue Verwaltungsaufgaben gerichteten Fragestellungen, spielt das Thema Arbeit und damit die Mitarbeiterinnen und Mitarbeiter in der Verwaltung in diesen Diskursen eine eher untergeordnete Rolle. Aus soziologischer Perspektive geriet die Arbeit in der \u00f6ffentlichen Verwaltung erst wieder unter Fragestellungen nach Konsequenzen neuer Verwaltungssteuerung in den Blick (z.B. Gottschall et al. 2015; Flecker et al. 2014). Hier setzt das Projekt bzw. die Abfolge an Projekten an, um weitere Forschungsbedarfe zu identifizieren, Projektantr\u00e4ge zu initiieren, Veranstaltungen durchzuf\u00fchren und Handlungsempfehlungen f\u00fcr die Praxis zu entwickeln.<\/p>\n\n\n<div class=\"wp-block-image\">\n<figure class=\"alignleft\"><img loading=\"lazy\" decoding=\"async\" width=\"227\" height=\"122\" src=\"http:\/\/mawizo.de\/wp-content\/uploads\/2020\/02\/Unbenannt.png\" alt=\"\" class=\"wp-image-327\"\/><\/figure>\n<\/div>\n\n\n<p><b>Arbeit zwischen Bits und Bytes<\/b><br>\nLaufzeit: 09\/2014 \u2013 08\/2015 [Goethe-Universit\u00e4t Frankfurt]<br>\nProjektleitung: Dr. Mascha Will-Zocholl, Mitarbeit: Lina Behling<\/p>\n\n\n\n<p>Das Projekt untersucht Prozesse der Digitalisierung und Virtualisierung von Arbeit, die als Ausdruck einer neuen Phase der Informatisierung gelten, in ausgew\u00e4hlten Forschungsfeldern. Ziel ist es Erkenntnisse dar\u00fcber zu gewinnen, welche Konsequenzen f\u00fcr den Arbeitsgegenstand, f\u00fcr die Besch\u00e4ftigten sowie f\u00fcr die Organisationen mit diesen Ver\u00e4nderungen einhergehen und zu evaluieren welche Felder sich f\u00fcr eine weitergehende Untersuchung eignen.<\/p>\n\n\n<div class=\"wp-block-image\">\n<figure class=\"alignleft\"><img loading=\"lazy\" decoding=\"async\" width=\"300\" height=\"153\" src=\"http:\/\/mawizo.de\/wp-content\/uploads\/2020\/02\/logo_hbs-300x153.png\" alt=\"\" class=\"wp-image-326\" srcset=\"https:\/\/mawizo.de\/wp-content\/uploads\/2020\/02\/logo_hbs-300x153.png 300w, https:\/\/mawizo.de\/wp-content\/uploads\/2020\/02\/logo_hbs.png 769w\" sizes=\"auto, (max-width: 300px) 100vw, 300px\" \/><\/figure>\n<\/div>\n\n\n<p><b>ITK-Branchenreport 2014<br>\n<\/b>Laufzeit 10\/2013 \u2013 03\/2014 [Hans-B\u00f6ckler-Stiftung]<br>\nin Kooperation mit dem ISF M\u00fcnchen e.V.<br>\nProjektleitung: Prof. Dr. Andreas Boes, Mitarbeit: Dr. Tobi K\u00e4mpf, Dr. Mascha Will-Zocholl<\/p>\n\n\n\n<p>Der vorliegende Report zeichnet ein detailliertes Bild des Wandels der Branche und ihrer Entwicklungstendenzen, greift die Bedeutung der ITK-Branche f\u00fcr die gesamtwirtschaftliche Entwicklung auf und skizziert deren eigenen Entwicklungsprozess. ITK-Technologien sind gleicherma\u00dfen Ursache des Wandels wie selbst dem Wandel unterworfen. Ein erster inhaltlicher Schwerpunkt des Reports ist die Analyse der Branchenstruktur und des Marktes. Hier werden die statistischen Zahlen zur Marktentwicklung sowohl im nationalen als auch im internationalen Kontext ausgewertet, inklusive eines Ausblicks auf den Wandel der Wertsch\u00f6pfungsstrukturen in der Branche. Au\u00dferdem werden Schl\u00fcsselunternehmen aus den Bereichen IT und Telekommunikation vorgestellt, sortiert nach unterschiedlichen Kriterien, und es werden Prognosen f\u00fcr die wirtschaftliche Entwicklung im Jahr 2015 dokumentiert. &#8211;&gt;&nbsp;<a href=\"https:\/\/www.boeckler.de\/pdf\/p_study_hbs_320.pdf\">Projektpublikation<\/a><\/p>\n\n\n<div class=\"wp-block-image\">\n<figure class=\"alignleft\"><img loading=\"lazy\" decoding=\"async\" width=\"187\" height=\"75\" src=\"http:\/\/mawizo.de\/wp-content\/uploads\/2020\/02\/Bildschirmfoto-2020-02-12-um-22.55.59.png\" alt=\"\" class=\"wp-image-328\"\/><\/figure>\n<\/div>\n\n\n<p><b>EvA-BR: Entgrenzung von Arbeit als Herausforderung f\u00fcr die betriebliche Interessenvertretung&nbsp;<\/b><br>\nLaufzeit: 04\/2013 \u2013 10\/2013 [Kooperationsstelle Wissenschaft und Arbeitswelt]&nbsp;Projektleitung: Dr. Mascha Will-Zocholl, Mitarbeit: Sybille K\u00fchnel<\/p>\n\n\n\n<p>In der Diskussion um den \u00dcbergang von einer Industrie- in eine Informationsgesellschaft in den 1990er Jahren galt Telearbeit als Prototyp einer neuen Arbeitsform (vgl. Baukrowitz et al. 1998). Die Diskussion um Potentiale und Risiken wurde zu Beginn des neuen Jahrtausends von der technologischen Entwicklung und der breiten Akzeptanz durch die Nutzerinnen und Nutzer \u00fcberholt.&nbsp;Hier setzt das EvA-Projekt an, und fokussiert in einem IT-Unternehmen, diejenigen Arbeitspl\u00e4tze und Menschen, die haupts\u00e4chlich von zu Hause aus f\u00fcr das Unternehmen t\u00e4tig sind. Unter diesen Bedingungen ergeben sich Herausforderungen und Fragen, die f\u00fcr die betriebliche Interessenvertretung wichtig sind. Ziel des Projektes ist es, Ansatzpunkte f\u00fcr deren Arbeit zu leisten.<\/p>\n\n\n<div class=\"wp-block-image\">\n<figure class=\"alignleft\"><img loading=\"lazy\" decoding=\"async\" width=\"200\" height=\"200\" src=\"http:\/\/mawizo.de\/wp-content\/uploads\/2020\/02\/4c6d1ff7-a535-40b6-a4d4-c87388f6e7f7_200x200.png\" alt=\"\" class=\"wp-image-325\" srcset=\"https:\/\/mawizo.de\/wp-content\/uploads\/2020\/02\/4c6d1ff7-a535-40b6-a4d4-c87388f6e7f7_200x200.png 200w, https:\/\/mawizo.de\/wp-content\/uploads\/2020\/02\/4c6d1ff7-a535-40b6-a4d4-c87388f6e7f7_200x200-150x150.png 150w\" sizes=\"auto, (max-width: 200px) 100vw, 200px\" \/><\/figure>\n<\/div>\n\n\n<p><b>Ingenieurinnen@work <\/b>(Antragsprojekt)<b><br>\n<\/b>Laufzeit: 08\/2013 \u2013 12\/2013 [gemeinsames Frauenforschungszentrum der hessischen Fachhochschulen gFFZ]<br>\nProjektleitung: Dr. Mascha Will-Zocholl, Mitarbeit: Robin Straub<\/p>\n\n\n\n<p>Bisher ist der Wandel von Arbeit in m\u00e4nnerdominierten Bereichen, wie dem Ingenieursberuf, \u00fcberwiegend aus Sicht von M\u00e4nnern untersucht worden, die im jeweiligen Feld arbeiten. \u00c4hnliches gilt hinsichtlich der Assoziationen dieser Berufsfelder f\u00fcr die berufliche Identit\u00e4tsbildung. Ingenieursarbeit unterliegt derzeit tief greifenden Reorganisationsprozessen, die mit jenen der Globalisierung, Informatisierung und Digitalisierung sowie der Standardisierung im Zusammenhang stehen. In der \u00f6ffentlichen Diskussion wird diskutiert, ob ein abnehmender Technikbezug, wie er sich im Zuge der \u201eProjektifizierung\u201c in vielen technischen Berufsfelder ergebe, m\u00f6glicherweise die Attraktivit\u00e4t des Berufsfeldes f\u00fcr Frauen erh\u00f6hen k\u00f6nne. In diesem Kontext soll im Projekt \u201eIngenieurinnen@work\u201c untersucht werden, ob sich geschlechtsspezifisch unterschiedliche Arbeits- und Technikkonzepte in der ingenieurwissenschaftlichen Praxis, hier in der Automobilindustrie, diagnostizieren lassen.<\/p>\n\n\n<div class=\"wp-block-image\">\n<figure class=\"alignleft\"><img loading=\"lazy\" decoding=\"async\" width=\"300\" height=\"143\" src=\"http:\/\/mawizo.de\/wp-content\/uploads\/2020\/02\/trust-logo1mit.unterschrift-Zugeschnitten-300x143.png\" alt=\"\" class=\"wp-image-322\" srcset=\"https:\/\/mawizo.de\/wp-content\/uploads\/2020\/02\/trust-logo1mit.unterschrift-Zugeschnitten-300x143.png 300w, https:\/\/mawizo.de\/wp-content\/uploads\/2020\/02\/trust-logo1mit.unterschrift-Zugeschnitten.png 704w\" sizes=\"auto, (max-width: 300px) 100vw, 300px\" \/><\/figure>\n<\/div>\n\n\n<p><strong><b><a href=\"http:\/\/mawizo.de\/?page_id=239\">TRUST Teamwork \u2013 Vertrauen in unternehmens- und standort\u00fcbergreifenden Kooperationen<\/a><br>\n<\/b><\/strong>Laufzeit 09\/2009 \u2013 07\/2013 [BMBF]<br>\nKooperationspartner: Technische Universit\u00e4t Darmstadt (Institut f\u00fcr Soziologie + FB Maschinenbau\/FG DiK), Fraunhofer IAO Stuttgart, ISF M\u00fcnchen e.V, Fa. Marquardt GmbH, Rietheim; Fa. :em AG, Darmstadt<br>\nProjektleitung und -koordination: Prof. Dr. Rudi Schmiede (TU Darmstadt), Dr. Christian Schilcher; Mitarbeiter*innen (IfS): Dr. Brigitte Petendra, Marc Ziegler,&nbsp;Dr. Mascha Will-Zocholl<\/p>\n\n\n\n<p>Unternehmens\u00fcbergreifende Kooperationen m\u00fcssen angesichts der hohen Komplexit\u00e4t von Produkten und Produktionsweisen Wege finden, drohende Komplexit\u00e4tslasten abzubauen. Vertrauensverh\u00e4ltnisse besitzen diesbez\u00fcglich diverse Vorz\u00fcge. Durch Vertrauen werden aufwendige Kontrollprozesse in Teams reduziert, Transaktionskosten gesenkt und der Zusammenhalt im Team gest\u00e4rkt. Gleichzeitig besteht jedoch die Gefahr, dass Vertrauen in den zumeist stark kompetitiv gestalteten Kooperationen einseitig ausgenutzt wird. Oft regiert in den Kooperationen eher Misstrauen statt Vertrauen.&nbsp;Vor diesem Hintergrund nimmt sich das Verbundprojekt zum Ziel, den Einfluss von Vertrauen auf Kooperationen zu analysieren und Verfahren und Instrumente f\u00fcr unternehmens\u00fcbergreifende Projekte zu entwickeln.<\/p>\n\n\n\n<p>Ergebnisse \u00fcber die Projekthomepage <a href=\"http:\/\/www.trust-teamwork.de\">www.trust-teamwork.de<\/a><\/p>\n\n\n<div class=\"wp-block-image\">\n<figure class=\"alignleft\"><img loading=\"lazy\" decoding=\"async\" width=\"240\" height=\"207\" src=\"http:\/\/mawizo.de\/wp-content\/uploads\/2020\/02\/Bildschirmfoto-2020-02-12-um-22.39.21.png\" alt=\"\" class=\"wp-image-324\"\/><\/figure>\n<\/div>\n\n\n<p><b>Wissensarbeit in der Automobilindustrie<br>\n<\/b>Laufzeit 11\/2006 \u2013 08\/2010 &nbsp;Dissertationsprojekt [DFG]<\/p>\n\n\n\n<p>In der vorliegenden Arbeit wird das Thema der Entwicklung hochqualifizierter Arbeit unter den Bedingungen intensivierter internationaler Arbeitsteilung und unternehmens\u00fcbergreifender Kooperation in der Automobilindustrie aufgegriffen, das hoch aktuell, aber in der sozialwissenschaftlichen Arbeitsforschung bislang nur am Rande untersucht worden ist. Schwerpunktm\u00e4\u00dfig in den letzten beiden Jahrzehnten wurden innerhalb einiger gro\u00dfer internationaler Automobilfertiger und zwischen ihnen und ihren Zulieferern neuartige Kooperationsbeziehungen auf der Basis digitaler Technologien entwickelt, die auch die Ingenieursarbeit im Produktentwicklungsbereich \u2013 den Gegenstand der vorliegenden Untersuchung \u2013 nachhaltig ver\u00e4ndert und neu gepr\u00e4gt haben.<\/p>\n\n\n\n<p><strong>weitere Forschungsprojekte unter meiner Mitarbeit<\/strong><\/p>\n\n\n<div class=\"wp-block-image\">\n<figure class=\"alignleft\"><img loading=\"lazy\" decoding=\"async\" width=\"300\" height=\"47\" src=\"http:\/\/mawizo.de\/wp-content\/uploads\/2020\/02\/Sinnarbeit-Logo-goethe-blau-300x47.png\" alt=\"\" class=\"wp-image-323\" srcset=\"https:\/\/mawizo.de\/wp-content\/uploads\/2020\/02\/Sinnarbeit-Logo-goethe-blau-300x47.png 300w, https:\/\/mawizo.de\/wp-content\/uploads\/2020\/02\/Sinnarbeit-Logo-goethe-blau-1024x162.png 1024w, https:\/\/mawizo.de\/wp-content\/uploads\/2020\/02\/Sinnarbeit-Logo-goethe-blau-768x121.png 768w, https:\/\/mawizo.de\/wp-content\/uploads\/2020\/02\/Sinnarbeit-Logo-goethe-blau-1536x242.png 1536w, https:\/\/mawizo.de\/wp-content\/uploads\/2020\/02\/Sinnarbeit-Logo-goethe-blau-2048x323.png 2048w, https:\/\/mawizo.de\/wp-content\/uploads\/2020\/02\/Sinnarbeit-Logo-goethe-blau-800x126.png 800w\" sizes=\"auto, (max-width: 300px) 100vw, 300px\" \/><\/figure>\n<\/div>\n\n\n<p><strong>Gesellschaftliche Vorstellungen sinnvoller Arbeit und Sinnerleben in der Arbeitswelt<\/strong><br>\nLaufzeit 04\/2014-03\/2016 [DFG]<br>\nProjektleitung: Dr. Friedericke Hardering, Prof. Heather Hofmeister, PhD., Mitarbeit: Dr. Mascha Will-Zocholl, Lina Behling, Anna Kirschner<\/p>\n\n\n\n<p>Bisherige Studien, die das Sinnerleben von Besch\u00e4ftigten zum Thema haben, untersuchen monotone oder \u201esinnlos\u201c erscheinende Aufgaben, Arbeiten mit geringer Aufgabenkomplexit\u00e4t, repetitive Arbeiten am Flie\u00dfband oder dirty work, also stigmatisierende Arbeit. Dadurch fehlen bisher Erkenntnisse dar\u00fcber, wie sich bei Besch\u00e4ftigten in h\u00f6herer beruflicher Stellung und Arbeiten mit h\u00f6herem Berufsprestige die Zuschreibung einer sinnvollen Arbeit auf das Sinnerleben auswirkt. Untersucht werden daher Besch\u00e4ftigte in h\u00f6herer beruflicher Stellung aus dem medizinischen Feld wie auch aus der Sozialen Arbeit. Gemein ist beiden beruflichen Feldern, dass sie als sogenannte Helferberufe wahrgenommen werden, die damit assoziiert sind, gesellschaftlich n\u00fctzliche Aufgaben zu erf\u00fcllen.&nbsp;Ziel des Projektes ist, die Wechselwirkungen zwischen gesellschaftlichen Deutungen sinnvoller Arbeit und dem individuellen Sinnerleben zu verstehen. &#8211;&gt;<a href=\"http:\/\/www.sinn-arbeit.de\">&nbsp;www.sinn-arbeit.de<\/a><\/p>\n","protected":false},"excerpt":{"rendered":"<p>Meine Forschungsprojekte bewegen sich im Spannungsfeld von Arbeit, Technik und&nbsp;Organisation und fokussieren thematisch vor allem auf die Digitalisierung der Arbeitswelt. DigiGov. Digital Governance &#8211; Verantwortung und Vertrauen in digitalen Strukturen seit 10\/2023 ZEVEDI-Projekt Infolge der Digitalisierung von Organisationen ist Digital &hellip; <a href=\"https:\/\/mawizo.de\/?page_id=2\">Weiterlesen <span class=\"meta-nav\">&rarr;<\/span><\/a><\/p>\n","protected":false},"author":1,"featured_media":0,"parent":177,"menu_order":0,"comment_status":"closed","ping_status":"closed","template":"full-width-page.php","meta":{"footnotes":""},"class_list":["post-2","page","type-page","status-publish","hentry"],"_links":{"self":[{"href":"https:\/\/mawizo.de\/index.php?rest_route=\/wp\/v2\/pages\/2","targetHints":{"allow":["GET"]}}],"collection":[{"href":"https:\/\/mawizo.de\/index.php?rest_route=\/wp\/v2\/pages"}],"about":[{"href":"https:\/\/mawizo.de\/index.php?rest_route=\/wp\/v2\/types\/page"}],"author":[{"embeddable":true,"href":"https:\/\/mawizo.de\/index.php?rest_route=\/wp\/v2\/users\/1"}],"replies":[{"embeddable":true,"href":"https:\/\/mawizo.de\/index.php?rest_route=%2Fwp%2Fv2%2Fcomments&post=2"}],"version-history":[{"count":31,"href":"https:\/\/mawizo.de\/index.php?rest_route=\/wp\/v2\/pages\/2\/revisions"}],"predecessor-version":[{"id":659,"href":"https:\/\/mawizo.de\/index.php?rest_route=\/wp\/v2\/pages\/2\/revisions\/659"}],"up":[{"embeddable":true,"href":"https:\/\/mawizo.de\/index.php?rest_route=\/wp\/v2\/pages\/177"}],"wp:attachment":[{"href":"https:\/\/mawizo.de\/index.php?rest_route=%2Fwp%2Fv2%2Fmedia&parent=2"}],"curies":[{"name":"wp","href":"https:\/\/api.w.org\/{rel}","templated":true}]}}